{"id":1191,"date":"2025-07-15T13:04:42","date_gmt":"2025-07-15T13:04:42","guid":{"rendered":"https:\/\/kaufmann.com.tr\/?post_type=product&#038;p=1191"},"modified":"2025-07-22T12:45:00","modified_gmt":"2025-07-22T12:45:00","slug":"%d8%a8%d8%b7%d8%a7%d9%86%d8%a9-%d9%83%d9%88%d9%81%d9%85%d8%a7%d9%86-%d8%a7%d9%84%d8%b4%d9%81%d8%a7%d9%81%d8%a9","status":"publish","type":"product","link":"https:\/\/kaufmann.com.tr\/ar\/%d8%a7%d9%84%d9%85%d9%86%d8%aa%d8%ac-2\/%d8%a8%d8%b7%d8%a7%d9%86%d8%a9-%d9%83%d9%88%d9%81%d9%85%d8%a7%d9%86-%d8%a7%d9%84%d8%b4%d9%81%d8%a7%d9%81%d8%a9\/","title":{"rendered":"\u0637\u0644\u0627\u0621 \u0623\u0648\u0644\u064a \u0634\u0641\u0627\u0641 KAUFMANN\u00ae Transparent Primer"},"content":{"rendered":"<h3 data-start=\"234\" data-end=\"264\"><strong data-start=\"238\" data-end=\"264\">KAUFMANN\u00ae \u015eEFFAF ASTAR<\/strong><\/h3>\n<p data-start=\"266\" data-end=\"700\"><strong data-start=\"266\" data-end=\"292\">\u0637\u0644\u0627\u0621 \u0623\u0648\u0644\u064a \u0634\u0641\u0627\u0641 KAUFMANN\u00ae Transparent Primer<\/strong>, akrilik em\u00fclsiyon esasl\u0131, su bazl\u0131, y\u00fcksek yap\u0131\u015fma g\u00fcc\u00fcne sahip, d\u0131\u015f cepheler i\u00e7in \u00f6zel olarak geli\u015ftirilmi\u015f astar malzemesidir. Boya \u00f6ncesi uyguland\u0131\u011f\u0131nda, y\u00fczey ile son kat boya aras\u0131nda g\u00fc\u00e7l\u00fc bir ba\u011f olu\u015fturarak boya sarfiyat\u0131n\u0131 azalt\u0131r, boyan\u0131n y\u00fczeye homojen \u015fekilde yay\u0131lmas\u0131n\u0131 sa\u011flar ve y\u00fczeydeki dalgalanmalar\u0131 engeller. Nefes alabilen yap\u0131s\u0131yla uzun \u00f6m\u00fcrl\u00fc boya uygulamalar\u0131n\u0131n temelini olu\u015fturur.<\/p>\n<h3 data-start=\"707\" data-end=\"726\"><strong data-start=\"711\" data-end=\"726\">\u0627\u0644\u0645\u064a\u0632\u0627\u062a<\/strong><\/h3>\n<ul data-start=\"728\" data-end=\"1022\">\n<li data-start=\"728\" data-end=\"756\">\n<p data-start=\"730\" data-end=\"756\">\u0645\u0633\u062a\u062d\u0644\u0628 \u0623\u0643\u0631\u064a\u0644\u064a\u0643 \u0642\u0627\u0626\u0645 \u0639\u0644\u0649 \u0627\u0644\u0623\u0643\u0631\u064a\u0644\u064a\u0643<\/p>\n<\/li>\n<li data-start=\"757\" data-end=\"784\">\n<p data-start=\"759\" data-end=\"784\">\u0630\u0627\u062a \u0623\u0633\u0627\u0633 \u0645\u0627\u0626\u064a \u0648\u0635\u062f\u064a\u0642\u0629 \u0644\u0644\u0628\u064a\u0626\u0629<\/p>\n<\/li>\n<li data-start=\"785\" data-end=\"808\">\n<p data-start=\"787\" data-end=\"808\">\u0642\u0648\u0629 \u0627\u0644\u062a\u0635\u0627\u0642 \u0639\u0627\u0644\u064a\u0629<\/p>\n<\/li>\n<li data-start=\"809\" data-end=\"837\">\n<p data-start=\"811\" data-end=\"837\">\u064a\u0642\u0644\u0644 \u0645\u0646 \u0627\u0633\u062a\u0647\u0644\u0627\u0643 \u0627\u0644\u0637\u0644\u0627\u0621<\/p>\n<\/li>\n<li data-start=\"838\" data-end=\"861\">\n<p data-start=\"840\" data-end=\"861\">Nefes alma \u00f6zelli\u011fi<\/p>\n<\/li>\n<li data-start=\"862\" data-end=\"899\">\n<p data-start=\"864\" data-end=\"899\">Dalgalanmay\u0131 ve ton fark\u0131n\u0131 \u00f6nler<\/p>\n<\/li>\n<li data-start=\"900\" data-end=\"945\">\n<p data-start=\"902\" data-end=\"945\">Boyan\u0131n y\u00fczeye homojen yay\u0131lmas\u0131n\u0131 sa\u011flar<\/p>\n<\/li>\n<li data-start=\"946\" data-end=\"973\">\n<p data-start=\"948\" data-end=\"973\">\u064a\u0645\u0643\u0646 \u0648\u0636\u0639\u0647 \u0628\u0637\u0628\u0642\u0629 \u0648\u0627\u062d\u062f\u0629<\/p>\n<\/li>\n<li data-start=\"974\" data-end=\"1022\">\n<p data-start=\"976\" data-end=\"1022\">F\u0131r\u00e7a, rulo veya p\u00fcsk\u00fcrtme ile uygulanabilir<\/p>\n<\/li>\n<\/ul>\n<h3 data-start=\"1029\" data-end=\"1057\"><strong data-start=\"1033\" data-end=\"1057\">\u0623\u0633\u0637\u062d \u0627\u0644\u062a\u0637\u0628\u064a\u0642<\/strong><\/h3>\n<p data-start=\"1059\" data-end=\"1345\">KAUFMANN\u00ae \u015eeffaf Astar; s\u0131va, al\u00e7\u0131, macun, al\u00e7\u0131pan, beton, br\u00fct beton, betopan, OSB, MDF gibi emici y\u00fczeylerde; ayr\u0131ca sa\u011flam durumda olan eski boyal\u0131 y\u00fczeylerde de son kat boyadan \u00f6nce kullan\u0131l\u0131r. \u00d6zellikle d\u0131\u015f cephelerde, astar gereksinimi olan t\u00fcm alanlarda kullan\u0131m\u0131 tavsiye edilir.<\/p>\n<h3 data-start=\"1352\" data-end=\"1368\"><strong data-start=\"1356\" data-end=\"1368\">\u0627\u0644\u062a\u0637\u0628\u064a\u0642<\/strong><\/h3>\n<p data-start=\"1370\" data-end=\"1812\">Y\u00fczey temiz, kuru, sa\u011flam ve astar\u0131 ta\u015f\u0131yabilecek durumda olmal\u0131d\u0131r. Kir, toz, ya\u011f ve gev\u015fek tabakalar y\u00fczeyden ar\u0131nd\u0131r\u0131lmal\u0131d\u0131r. Yeni s\u0131val\u0131 y\u00fczeylerde en az <strong data-start=\"1529\" data-end=\"1539\">28 \u064a\u0648\u0645\u0627\u064b<\/strong> \u064a\u062c\u0628 \u062a\u0648\u0642\u0639 \u0648\u0642\u062a \u0627\u0644\u0625\u0639\u062f\u0627\u062f.<br data-start=\"1566\" data-end=\"1569\" \/>Astar, tek kat olarak <strong data-start=\"1591\" data-end=\"1600\">f\u0131r\u00e7a<\/strong>, <strong data-start=\"1602\" data-end=\"1610\">rulo<\/strong> \u0623\u0648 <strong data-start=\"1616\" data-end=\"1637\">airless p\u00fcsk\u00fcrtme<\/strong> y\u00f6ntemiyle uygulanabilir.<br data-start=\"1663\" data-end=\"1666\" \/>\u062f\u0631\u062c\u0629 \u062d\u0631\u0627\u0631\u0629 \u0627\u0644\u0633\u0637\u062d \u0648\u062f\u0631\u062c\u0629 \u0627\u0644\u062d\u0631\u0627\u0631\u0629 \u0627\u0644\u0645\u062d\u064a\u0637\u0629 \u0623\u062b\u0646\u0627\u0621 \u0627\u0644\u0627\u0633\u062a\u062e\u062f\u0627\u0645 <strong data-start=\"1710\" data-end=\"1728\">+5 \u062f\u0631\u062c\u0629 \u0645\u0626\u0648\u064a\u0629 \u0625\u0644\u0649 +30 \u062f\u0631\u062c\u0629 \u0645\u0626\u0648\u064a\u0629<\/strong> aras\u0131nda olmal\u0131, do\u011frudan g\u00fcne\u015f \u0131\u015f\u0131\u011f\u0131 ve don riski olan ortamlardan ka\u00e7\u0131n\u0131lmal\u0131d\u0131r.<\/p>","protected":false},"excerpt":{"rendered":"<p><strong data-start=\"1852\" data-end=\"1878\">\u0637\u0644\u0627\u0621 \u0623\u0648\u0644\u064a \u0634\u0641\u0627\u0641 KAUFMANN\u00ae Transparent Primer<\/strong>, akrilik esasl\u0131, su bazl\u0131 ve y\u00fcksek yap\u0131\u015fma g\u00fcc\u00fcne sahip d\u0131\u015f cephe astar\u0131d\u0131r. Boya \u00f6ncesi y\u00fczey haz\u0131rl\u0131\u011f\u0131n\u0131 m\u00fckemmel hale getirerek sarfiyat\u0131 azalt\u0131r, y\u00fczeyde homojenlik sa\u011flar ve boyan\u0131n performans\u0131n\u0131 art\u0131r\u0131r.<\/p>","protected":false},"featured_media":1192,"comment_status":"open","ping_status":"closed","template":"","meta":[],"product_brand":[],"product_cat":[32],"product_tag":[],"class_list":{"0":"post-1191","1":"product","2":"type-product","3":"status-publish","4":"has-post-thumbnail","6":"product_cat-astarlar","8":"first","9":"instock","10":"shipping-taxable","11":"product-type-simple"},"jetpack_sharing_enabled":true,"_links":{"self":[{"href":"https:\/\/kaufmann.com.tr\/ar\/wp-json\/wp\/v2\/product\/1191","targetHints":{"allow":["GET"]}}],"collection":[{"href":"https:\/\/kaufmann.com.tr\/ar\/wp-json\/wp\/v2\/product"}],"about":[{"href":"https:\/\/kaufmann.com.tr\/ar\/wp-json\/wp\/v2\/types\/product"}],"replies":[{"embeddable":true,"href":"https:\/\/kaufmann.com.tr\/ar\/wp-json\/wp\/v2\/comments?post=1191"}],"wp:featuredmedia":[{"embeddable":true,"href":"https:\/\/kaufmann.com.tr\/ar\/wp-json\/wp\/v2\/media\/1192"}],"wp:attachment":[{"href":"https:\/\/kaufmann.com.tr\/ar\/wp-json\/wp\/v2\/media?parent=1191"}],"wp:term":[{"taxonomy":"product_brand","embeddable":true,"href":"https:\/\/kaufmann.com.tr\/ar\/wp-json\/wp\/v2\/product_brand?post=1191"},{"taxonomy":"product_cat","embeddable":true,"href":"https:\/\/kaufmann.com.tr\/ar\/wp-json\/wp\/v2\/product_cat?post=1191"},{"taxonomy":"product_tag","embeddable":true,"href":"https:\/\/kaufmann.com.tr\/ar\/wp-json\/wp\/v2\/product_tag?post=1191"}],"curies":[{"name":"wp","href":"https:\/\/api.w.org\/{rel}","templated":true}]}}