{"id":1185,"date":"2025-07-15T11:03:43","date_gmt":"2025-07-15T11:03:43","guid":{"rendered":"https:\/\/kaufmann.com.tr\/?post_type=product&#038;p=1185"},"modified":"2025-07-22T11:54:57","modified_gmt":"2025-07-22T11:54:57","slug":"kaufmann-saf-akrilik-dis-cephe-boyasi","status":"publish","type":"product","link":"https:\/\/kaufmann.com.tr\/ar\/%d8%a7%d9%84%d9%85%d9%86%d8%aa%d8%ac-2\/kaufmann-saf-akrilik-dis-cephe-boyasi\/","title":{"rendered":"\u0637\u0644\u0627\u0621 \u062e\u0627\u0631\u062c\u064a \u0623\u0643\u0631\u064a\u0644\u064a\u0643 \u0646\u0642\u064a \u0645\u0646 KAUFMANN\u00ae Pure Acrylic"},"content":{"rendered":"<h3 data-start=\"44\" data-end=\"90\"><strong data-start=\"48\" data-end=\"90\">\u0637\u0644\u0627\u0621 \u062e\u0627\u0631\u062c\u064a \u0623\u0643\u0631\u064a\u0644\u064a\u0643 \u0646\u0642\u064a \u0645\u0646 KAUFMANN\u00ae Pure Acrylic<\/strong><\/h3>\n<p data-start=\"92\" data-end=\"168\"><span class=\"relative -mx-px my-[-0.2rem] rounded px-px py-[0.2rem] transition-colors duration-100 ease-in-out\">KAUFMANN\u00ae Saf Akrilik D\u0131\u015f Cephe Boyas\u0131, %100 saf akrilik em\u00fclsiyon esasl\u0131, ipek mat g\u00f6r\u00fcn\u00fcml\u00fc, su bazl\u0131, elastomerik form\u00fcl\u00fcyle d\u0131\u015f cephelerde y\u00fcksek dayan\u0131kl\u0131l\u0131k sa\u011flar. UV \u0131\u015f\u0131nlar\u0131na, \u00e7\u00f6z\u00fcc\u00fclere, alkali ortam ve suya kar\u015f\u0131 \u00fcst\u00fcn diren\u00e7 sunar; elastik yap\u0131s\u0131 sayesinde k\u0131lcal \u00e7atlaklar\u0131 k\u00f6pr\u00fcleyerek uzun \u00f6m\u00fcrl\u00fc koruma sa\u011flar.<\/span><\/p>\n<h3 data-start=\"175\" data-end=\"194\"><strong data-start=\"179\" data-end=\"194\">\u0627\u0644\u0645\u064a\u0632\u0627\u062a<\/strong><\/h3>\n<ul data-start=\"196\" data-end=\"775\">\n<li data-start=\"196\" data-end=\"275\">\n<p data-start=\"198\" data-end=\"275\"><span class=\"relative -mx-px my-[-0.2rem] rounded px-px py-[0.2rem] transition-colors duration-100 ease-in-out\">%100 saf akrilik re\u00e7ine esasl\u0131<\/span><\/p>\n<\/li>\n<li data-start=\"276\" data-end=\"317\">\n<p data-start=\"278\" data-end=\"317\"><span class=\"relative -mx-px my-[-0.2rem] rounded px-px py-[0.2rem] transition-colors duration-100 ease-in-out\">Su bazl\u0131, \u00e7evre dostu<\/span><\/p>\n<\/li>\n<li data-start=\"318\" data-end=\"359\">\n<p data-start=\"320\" data-end=\"359\"><span class=\"relative -mx-px my-[-0.2rem] rounded px-px py-[0.2rem] transition-colors duration-100 ease-in-out\">\u0130pek mat dokulu dekoratif g\u00f6r\u00fcn\u00fcm<\/span><\/p>\n<\/li>\n<li data-start=\"360\" data-end=\"439\">\n<p data-start=\"362\" data-end=\"439\"><span class=\"relative -mx-px my-[-0.2rem] rounded px-px py-[0.2rem] transition-colors duration-100 ease-in-out\">Elastik yap\u0131s\u0131 ile k\u0131lcal \u00e7atlaklar\u0131 k\u00f6pr\u00fcler<\/span><\/p>\n<\/li>\n<li data-start=\"440\" data-end=\"521\">\n<p data-start=\"442\" data-end=\"521\"><span class=\"relative -mx-px my-[-0.2rem] rounded px-px py-[0.2rem] transition-colors duration-100 ease-in-out\">UV dayan\u0131ml\u0131, renk solmas\u0131na kar\u015f\u0131 diren\u00e7li<\/span><\/p>\n<\/li>\n<li data-start=\"522\" data-end=\"565\">\n<p data-start=\"524\" data-end=\"565\"><span class=\"relative -mx-px my-[-0.2rem] rounded px-px py-[0.2rem] transition-colors duration-100 ease-in-out\">Y\u00fcksek \u00f6rt\u00fcc\u00fcl\u00fck ve yap\u0131\u015fma g\u00fcc\u00fc<\/span><\/p>\n<\/li>\n<li data-start=\"566\" data-end=\"649\">\n<p data-start=\"568\" data-end=\"649\"><span class=\"relative -mx-px my-[-0.2rem] rounded px-px py-[0.2rem] transition-colors duration-100 ease-in-out\">Su itici ve nefes alabilen yap\u0131 sayesinde rutubeti engeller<\/span><\/p>\n<\/li>\n<li data-start=\"650\" data-end=\"693\">\n<p data-start=\"652\" data-end=\"693\"><span class=\"relative -mx-px my-[-0.2rem] rounded px-px py-[0.2rem] transition-colors duration-100 ease-in-out\">D\u00fc\u015f\u00fck kirlenme e\u011filimi ve kolay temizlenebilir<\/span><\/p>\n<\/li>\n<li data-start=\"694\" data-end=\"775\">\n<p data-start=\"696\" data-end=\"775\"><span class=\"relative -mx-px my-[-0.2rem] rounded px-px py-[0.2rem] transition-colors duration-100 ease-in-out\">Kolay uygulanabilir; f\u0131r\u00e7a, rulo veya spreyle uygulanabilir<\/span><\/p>\n<\/li>\n<\/ul>\n<h3 data-start=\"782\" data-end=\"810\"><strong data-start=\"786\" data-end=\"810\">\u0623\u0633\u0637\u062d \u0627\u0644\u062a\u0637\u0628\u064a\u0642<\/strong><\/h3>\n<p data-start=\"812\" data-end=\"932\"><span class=\"relative -mx-px my-[-0.2rem] rounded px-px py-[0.2rem] transition-colors duration-100 ease-in-out\">KAUFMANN\u00ae Saf Akrilik D\u0131\u015f Cephe Boyas\u0131; do\u011fal kurumu\u015f beton, \u00e7imento esasl\u0131 s\u0131va, tu\u011fla, br\u00fct beton, gaz beton, briket, eternit, betopan gibi y\u00fczeylerde ve sa\u011flam eski boyal\u0131 cephelerde g\u00fcvenle kullan\u0131l\u0131r<\/span>. <span class=\"relative -mx-px my-[-0.2rem] rounded px-px py-[0.2rem] transition-colors duration-100 ease-in-out\">Ayr\u0131ca \u0131s\u0131 yal\u0131t\u0131m sistemleri (mantolama) dahil pek \u00e7ok d\u0131\u015f cepheye uygulanabilir.<\/span><\/p>\n<h3 data-start=\"939\" data-end=\"955\"><strong data-start=\"943\" data-end=\"955\">\u0627\u0644\u062a\u0637\u0628\u064a\u0642<\/strong><\/h3>\n<ol data-start=\"957\" data-end=\"1355\">\n<li data-start=\"957\" data-end=\"1065\">\n<p data-start=\"960\" data-end=\"1065\"><strong data-start=\"960\" data-end=\"979\">Y\u00fczey Haz\u0131rl\u0131\u011f\u0131<\/strong><br data-start=\"979\" data-end=\"982\" \/><span class=\"relative -mx-px my-[-0.2rem] rounded px-px py-[0.2rem] transition-colors duration-100 ease-in-out\">Y\u00fczey temiz, kuru, sa\u011flam ve boyay\u0131 ta\u015f\u0131yabilecek durumda olmal\u0131d\u0131r. Kir, toz, ya\u011f, kabarm\u0131\u015f tabakalar temizlenmelidir. Yeni s\u0131val\u0131 y\u00fczeylerde en az 28 g\u00fcn priz s\u00fcresi beklenmelidir. Gerekirse tamirat ve d\u00fczeltme yap\u0131lmal\u0131d\u0131r.<\/span><\/p>\n<\/li>\n<li data-start=\"1067\" data-end=\"1135\">\n<p data-start=\"1070\" data-end=\"1135\"><strong data-start=\"1070\" data-end=\"1090\">Astar Uygulamas\u0131<\/strong><br data-start=\"1090\" data-end=\"1093\" \/><span class=\"relative -mx-px my-[-0.2rem] rounded px-px py-[0.2rem] transition-colors duration-100 ease-in-out\">Uygun astar (Kaufmann Astar veya saf akrilik bazl\u0131 astar) ile haz\u0131rl\u0131k yap\u0131lmal\u0131, astar\u0131n kurumas\u0131 beklenmelidir (12\u201324\u202fsaat).<\/span><\/p>\n<\/li>\n<li data-start=\"1137\" data-end=\"1242\">\n<p data-start=\"1140\" data-end=\"1242\"><strong data-start=\"1140\" data-end=\"1156\">Boya Katman\u0131<\/strong><br data-start=\"1156\" data-end=\"1159\" \/><span class=\"relative -mx-px my-[-0.2rem] rounded px-px py-[0.2rem] transition-colors duration-100 ease-in-out\">Su ile %10\u201315 inceltilmi\u015f KAUFMANN\u00ae Saf Akrilik en az <strong data-start=\"54\" data-end=\"63\">2 \u0637\u0648\u0627\u0628\u0642<\/strong> uygulanmal\u0131d\u0131r. Katlar aras\u0131nda ortam s\u0131cakl\u0131\u011f\u0131na ba\u011fl\u0131 olarak <strong data-start=\"127\" data-end=\"139\">6\u20138 saat<\/strong> beklenmelidir; astardan sonra ilk kat bekleme s\u00fcresi <strong data-start=\"193\" data-end=\"207\">12\u201324 saat<\/strong> olabilir<\/span><\/p>\n<\/li>\n<li data-start=\"1137\" data-end=\"1242\">\n<p data-start=\"1140\" data-end=\"1242\"><strong data-start=\"1247\" data-end=\"1269\">Uygulama Ko\u015fullar\u0131<\/strong><br data-start=\"1269\" data-end=\"1272\" \/><span class=\"relative -mx-px my-[-0.2rem] rounded px-px py-[0.2rem] bg-[#FCECC1] dark:bg-[#64572A] transition-colors duration-100 ease-in-out\">+5\u202f\u00b0C ile +35\u202f\u00b0C aras\u0131nda, do\u011frudan g\u00fcne\u015f \u0131\u015f\u0131\u011f\u0131ndan ka\u00e7\u0131n\u0131larak uygulama yap\u0131lmal\u0131d\u0131r<\/span><\/p>\n<\/li>\n<\/ol>","protected":false},"excerpt":{"rendered":"<p><strong data-start=\"1395\" data-end=\"1437\">\u0637\u0644\u0627\u0621 \u062e\u0627\u0631\u062c\u064a \u0623\u0643\u0631\u064a\u0644\u064a\u0643 \u0646\u0642\u064a \u0645\u0646 KAUFMANN\u00ae Pure Acrylic<\/strong>, %100 saf akrilik form\u00fcl\u00fcyle d\u0131\u015f cephelere ipek mat estetik kazand\u0131r\u0131rken elastik yap\u0131s\u0131 ile k\u0131lcal \u00e7atlaklar\u0131 k\u00f6pr\u00fcler ve UV\u2011su\u2011alkali diren\u00e7li, uzun \u00f6m\u00fcrl\u00fc kaplama sa\u011flar.<\/p>","protected":false},"featured_media":1186,"comment_status":"open","ping_status":"closed","template":"","meta":[],"product_brand":[],"product_cat":[28],"product_tag":[],"class_list":{"0":"post-1185","1":"product","2":"type-product","3":"status-publish","4":"has-post-thumbnail","6":"product_cat-dis-cephe-boyalari","8":"first","9":"instock","10":"shipping-taxable","11":"product-type-simple"},"jetpack_sharing_enabled":true,"_links":{"self":[{"href":"https:\/\/kaufmann.com.tr\/ar\/wp-json\/wp\/v2\/product\/1185","targetHints":{"allow":["GET"]}}],"collection":[{"href":"https:\/\/kaufmann.com.tr\/ar\/wp-json\/wp\/v2\/product"}],"about":[{"href":"https:\/\/kaufmann.com.tr\/ar\/wp-json\/wp\/v2\/types\/product"}],"replies":[{"embeddable":true,"href":"https:\/\/kaufmann.com.tr\/ar\/wp-json\/wp\/v2\/comments?post=1185"}],"wp:featuredmedia":[{"embeddable":true,"href":"https:\/\/kaufmann.com.tr\/ar\/wp-json\/wp\/v2\/media\/1186"}],"wp:attachment":[{"href":"https:\/\/kaufmann.com.tr\/ar\/wp-json\/wp\/v2\/media?parent=1185"}],"wp:term":[{"taxonomy":"product_brand","embeddable":true,"href":"https:\/\/kaufmann.com.tr\/ar\/wp-json\/wp\/v2\/product_brand?post=1185"},{"taxonomy":"product_cat","embeddable":true,"href":"https:\/\/kaufmann.com.tr\/ar\/wp-json\/wp\/v2\/product_cat?post=1185"},{"taxonomy":"product_tag","embeddable":true,"href":"https:\/\/kaufmann.com.tr\/ar\/wp-json\/wp\/v2\/product_tag?post=1185"}],"curies":[{"name":"wp","href":"https:\/\/api.w.org\/{rel}","templated":true}]}}